{"id":675,"date":"2025-06-25T19:06:59","date_gmt":"2025-06-25T19:06:59","guid":{"rendered":"https:\/\/www.ozhakmed.com.tr\/urun\/schanz-vidasi\/"},"modified":"2025-08-19T10:31:22","modified_gmt":"2025-08-19T10:31:22","slug":"schanzsche-schraube","status":"publish","type":"product","link":"https:\/\/www.ozhakmed.com.tr\/de\/produkt\/schanzsche-schraube\/","title":{"rendered":"Schanzsche Schraube"},"content":{"rendered":"<p class=\"cvGsUA direction-ltr align-start para-style-body\">Sie sind die grundlegenden Zwischenelemente, die die Verbindung mit dem Knochen in externen Fixationssystemen herstellen. Es bietet volle \u00dcbereinstimmung mit den Systemen mit unterschiedlichen Durchmessern, L\u00e4ngen und Oberfl\u00e4chenbeschichtungen.<\/p>\n","protected":false},"excerpt":{"rendered":"<p>Sie sind die grundlegenden Zwischenelemente, die die Verbindung mit dem Knochen in externen Fixationssystemen herstellen. Es bietet volle \u00dcbereinstimmung mit den Systemen mit unterschiedlichen Durchmessern, L\u00e4ngen und Oberfl\u00e4chenbeschichtungen.<\/p>\n","protected":false},"featured_media":498,"comment_status":"open","ping_status":"closed","template":"","meta":[],"product_brand":[],"product_cat":[59],"product_tag":[],"class_list":{"0":"post-675","1":"product","2":"type-product","3":"status-publish","4":"has-post-thumbnail","6":"product_cat-schanz-schrauben","8":"first","9":"instock","10":"shipping-taxable","11":"product-type-simple"},"_links":{"self":[{"href":"https:\/\/www.ozhakmed.com.tr\/de\/wp-json\/wp\/v2\/product\/675","targetHints":{"allow":["GET"]}}],"collection":[{"href":"https:\/\/www.ozhakmed.com.tr\/de\/wp-json\/wp\/v2\/product"}],"about":[{"href":"https:\/\/www.ozhakmed.com.tr\/de\/wp-json\/wp\/v2\/types\/product"}],"replies":[{"embeddable":true,"href":"https:\/\/www.ozhakmed.com.tr\/de\/wp-json\/wp\/v2\/comments?post=675"}],"wp:featuredmedia":[{"embeddable":true,"href":"https:\/\/www.ozhakmed.com.tr\/de\/wp-json\/wp\/v2\/media\/498"}],"wp:attachment":[{"href":"https:\/\/www.ozhakmed.com.tr\/de\/wp-json\/wp\/v2\/media?parent=675"}],"wp:term":[{"taxonomy":"product_brand","embeddable":true,"href":"https:\/\/www.ozhakmed.com.tr\/de\/wp-json\/wp\/v2\/product_brand?post=675"},{"taxonomy":"product_cat","embeddable":true,"href":"https:\/\/www.ozhakmed.com.tr\/de\/wp-json\/wp\/v2\/product_cat?post=675"},{"taxonomy":"product_tag","embeddable":true,"href":"https:\/\/www.ozhakmed.com.tr\/de\/wp-json\/wp\/v2\/product_tag?post=675"}],"curies":[{"name":"wp","href":"https:\/\/api.w.org\/{rel}","templated":true}]}}