{"id":679,"date":"2025-06-25T19:04:49","date_gmt":"2025-06-25T19:04:49","guid":{"rendered":"https:\/\/www.ozhakmed.com.tr\/urun\/el-bilek-fiksatorleri\/"},"modified":"2025-08-19T10:31:10","modified_gmt":"2025-08-19T10:31:10","slug":"handgelenk-fixateure","status":"publish","type":"product","link":"https:\/\/www.ozhakmed.com.tr\/de\/produkt\/handgelenk-fixateure\/","title":{"rendered":"Handgelenk-Fixateure"},"content":{"rendered":"<p>Handgelenksfixateur<\/p>\n<p>PENEF &#8211; Pennig-Typ Fixateur externe: Es handelt sich um den klassischen monolateralen Fixateur-Typ, der f\u00fcr das Ligamentotaxis-Verfahren bei distalen Radiusfrakturen verwendet wird. Er verf\u00fcgt \u00fcber ein in zwei Ebenen verstellbares Kugelgelenk auf der Handgelenksebene und ein Distraktionsmodul in der distalen Klemme.<br \/>\nHybridmodul &#8211; Dies ist ein Einf\u00fchrungsmodul. Es kann zusammen mit dem PENEF- und DEWEF-System verwendet werden. Obwohl es sich um ein optionales Zusatzmodul handelt, ist<br \/>\nerforderlich, um eine anatomische Reposition zu erreichen, und<br \/>\nist erforderlich, um das Handgelenk 3 Wochen nach der Fixierung freizugeben, damit das Handgelenk fr\u00fchzeitig bewegt werden kann.<\/p>\n<p>Da beide Elemente f\u00fcr eine erfolgreiche Behandlung entscheidend sind, wird empfohlen, sie gemeinsam zu verwenden.<\/p>\n","protected":false},"excerpt":{"rendered":"<p>Handgelenksfixateur PENEF &#8211; Pennig-Typ Fixateur externe: Es handelt sich um den klassischen monolateralen Fixateur-Typ, der f\u00fcr das Ligamentotaxis-Verfahren bei distalen Radiusfrakturen verwendet wird. Er verf\u00fcgt \u00fcber ein in zwei Ebenen verstellbares Kugelgelenk auf der Handgelenksebene und ein Distraktionsmodul in der distalen Klemme. Hybridmodul &#8211; Dies ist ein Einf\u00fchrungsmodul. Es kann zusammen mit dem PENEF- und [&hellip;]<\/p>\n","protected":false},"featured_media":530,"comment_status":"open","ping_status":"closed","template":"","meta":[],"product_brand":[],"product_cat":[63],"product_tag":[],"class_list":{"0":"post-679","1":"product","2":"type-product","3":"status-publish","4":"has-post-thumbnail","6":"product_cat-tubulaere-externe-fixateure","8":"first","9":"instock","10":"shipping-taxable","11":"product-type-simple"},"_links":{"self":[{"href":"https:\/\/www.ozhakmed.com.tr\/de\/wp-json\/wp\/v2\/product\/679","targetHints":{"allow":["GET"]}}],"collection":[{"href":"https:\/\/www.ozhakmed.com.tr\/de\/wp-json\/wp\/v2\/product"}],"about":[{"href":"https:\/\/www.ozhakmed.com.tr\/de\/wp-json\/wp\/v2\/types\/product"}],"replies":[{"embeddable":true,"href":"https:\/\/www.ozhakmed.com.tr\/de\/wp-json\/wp\/v2\/comments?post=679"}],"wp:featuredmedia":[{"embeddable":true,"href":"https:\/\/www.ozhakmed.com.tr\/de\/wp-json\/wp\/v2\/media\/530"}],"wp:attachment":[{"href":"https:\/\/www.ozhakmed.com.tr\/de\/wp-json\/wp\/v2\/media?parent=679"}],"wp:term":[{"taxonomy":"product_brand","embeddable":true,"href":"https:\/\/www.ozhakmed.com.tr\/de\/wp-json\/wp\/v2\/product_brand?post=679"},{"taxonomy":"product_cat","embeddable":true,"href":"https:\/\/www.ozhakmed.com.tr\/de\/wp-json\/wp\/v2\/product_cat?post=679"},{"taxonomy":"product_tag","embeddable":true,"href":"https:\/\/www.ozhakmed.com.tr\/de\/wp-json\/wp\/v2\/product_tag?post=679"}],"curies":[{"name":"wp","href":"https:\/\/api.w.org\/{rel}","templated":true}]}}