{"id":684,"date":"2025-06-25T19:01:34","date_gmt":"2025-06-25T19:01:34","guid":{"rendered":"https:\/\/www.ozhakmed.com.tr\/urun\/mini-fiksatorler\/"},"modified":"2025-08-19T10:30:50","modified_gmt":"2025-08-19T10:30:50","slug":"mini-fixierer","status":"publish","type":"product","link":"https:\/\/www.ozhakmed.com.tr\/de\/produkt\/mini-fixierer\/","title":{"rendered":"Mini-Fixierer"},"content":{"rendered":"<p>Phalanx-, Metacarpal- und Metatarsal-Fixateur-Systeme<\/p>\n<p>Minifixateure werden bei der Behandlung von Hand- und Fu\u00dffrakturen eingesetzt.<\/p>\n<p>Mini-R\u00f6hren-System: F\u00fcr handchirurgische, metakarpale und Fingerfrakturen.<br \/>\nMini-Hybrid-System: Hand- und Fu\u00dfchirurgie, Behandlung von Metatarsalfrakturen und Deformit\u00e4ten und Verk\u00fcrzungen des 1.<\/p>\n","protected":false},"excerpt":{"rendered":"<p>Phalanx-, Metacarpal- und Metatarsal-Fixateur-Systeme Minifixateure werden bei der Behandlung von Hand- und Fu\u00dffrakturen eingesetzt. Mini-R\u00f6hren-System: F\u00fcr handchirurgische, metakarpale und Fingerfrakturen. Mini-Hybrid-System: Hand- und Fu\u00dfchirurgie, Behandlung von Metatarsalfrakturen und Deformit\u00e4ten und Verk\u00fcrzungen des 1.<\/p>\n","protected":false},"featured_media":522,"comment_status":"open","ping_status":"closed","template":"","meta":[],"product_brand":[],"product_cat":[63],"product_tag":[],"class_list":{"0":"post-684","1":"product","2":"type-product","3":"status-publish","4":"has-post-thumbnail","6":"product_cat-tubulaere-externe-fixateure","8":"first","9":"instock","10":"shipping-taxable","11":"product-type-simple"},"_links":{"self":[{"href":"https:\/\/www.ozhakmed.com.tr\/de\/wp-json\/wp\/v2\/product\/684","targetHints":{"allow":["GET"]}}],"collection":[{"href":"https:\/\/www.ozhakmed.com.tr\/de\/wp-json\/wp\/v2\/product"}],"about":[{"href":"https:\/\/www.ozhakmed.com.tr\/de\/wp-json\/wp\/v2\/types\/product"}],"replies":[{"embeddable":true,"href":"https:\/\/www.ozhakmed.com.tr\/de\/wp-json\/wp\/v2\/comments?post=684"}],"wp:featuredmedia":[{"embeddable":true,"href":"https:\/\/www.ozhakmed.com.tr\/de\/wp-json\/wp\/v2\/media\/522"}],"wp:attachment":[{"href":"https:\/\/www.ozhakmed.com.tr\/de\/wp-json\/wp\/v2\/media?parent=684"}],"wp:term":[{"taxonomy":"product_brand","embeddable":true,"href":"https:\/\/www.ozhakmed.com.tr\/de\/wp-json\/wp\/v2\/product_brand?post=684"},{"taxonomy":"product_cat","embeddable":true,"href":"https:\/\/www.ozhakmed.com.tr\/de\/wp-json\/wp\/v2\/product_cat?post=684"},{"taxonomy":"product_tag","embeddable":true,"href":"https:\/\/www.ozhakmed.com.tr\/de\/wp-json\/wp\/v2\/product_tag?post=684"}],"curies":[{"name":"wp","href":"https:\/\/api.w.org\/{rel}","templated":true}]}}