{"id":692,"date":"2025-06-25T18:57:08","date_gmt":"2025-06-25T18:57:08","guid":{"rendered":"https:\/\/www.ozhakmed.com.tr\/urun\/monolateral-dinamik-fiksator\/"},"modified":"2025-06-25T18:57:08","modified_gmt":"2025-06-25T18:57:08","slug":"monolateral-dinamik-fiksator","status":"publish","type":"product","link":"https:\/\/www.ozhakmed.com.tr\/de\/produkt\/monolateral-dinamik-fiksator\/","title":{"rendered":"Monolateral Dinamik Fiksat\u00f6r"},"content":{"rendered":"<p><span class=\"OYPEnA font-feature-liga-off font-feature-clig-off font-feature-calt-off text-decoration-none text-strikethrough-none\">Kullan\u0131ma haz\u0131r, pratik ve sa\u011flam olmalar\u0131 sebebiyle \u00e7ok yayg\u0131n olarak kullan\u0131lmaktad\u0131r. Orthofix Tipi fiksat\u00f6rler olarak da bilinen bu \u00fcr\u00fcnler ortopedik cerrahlar taraf\u0131ndan t\u00fcm d\u00fcnyada \u00e7oklukla tercih edilmektedir.<\/span><\/p>\n<p class=\"cvGsUA direction-ltr align-start para-style-body\"><span class=\"OYPEnA font-feature-liga-off font-feature-clig-off font-feature-calt-off text-decoration-none text-strikethrough-none\">Monolateral Eksternal fiksat\u00f6rler tibia, femur ve humerus i\u00e7in uygun 3 ayr\u0131 boyda \u00fcretilmektedir.<\/span><\/p>\n<p class=\"cvGsUA direction-ltr align-start para-style-body\"><span class=\"OYPEnA font-feature-liga-off font-feature-clig-off font-feature-calt-off text-decoration-none text-strikethrough-none\">\u00dcr\u00fcnlerin her biri 6 adet \u015fanz vidas\u0131 ve alyan anahtar ile steril edilmeye ve kullan\u0131ma haz\u0131r olarak paketlenmi\u015f halde sunulmaktad\u0131r.<\/span><\/p>\n<p class=\"cvGsUA direction-ltr align-start para-style-body\">\n<p class=\"cvGsUA direction-ltr align-start para-style-body\"><span class=\"OYPEnA font-feature-liga-off font-feature-clig-off font-feature-calt-off text-decoration-none text-strikethrough-none\">\u015eanz Vida \u00d6l\u00e7\u00fcleri:<\/span><span class=\"OYPEnA font-feature-liga-off font-feature-clig-off font-feature-calt-off text-decoration-none text-strikethrough-none\"> T\u00fcm \u015fanz vidalar\u0131n\u0131n fiksat\u00f6r klempi taraf\u0131ndan tespit edilen g\u00f6vdesi 6 mm olarak dizayn edilmi\u015ftir.<\/span><\/p>\n<p class=\"cvGsUA direction-ltr align-start para-style-body\"><span class=\"OYPEnA font-feature-liga-off font-feature-clig-off font-feature-calt-off text-decoration-none text-strikethrough-none\">\u015eanz vidalar\u0131n\u0131n yivli k\u0131sm\u0131 ise:<\/span><\/p>\n<p class=\"cvGsUA direction-ltr align-start para-style-body\"><span class=\"OYPEnA font-feature-liga-off font-feature-clig-off font-feature-calt-off text-decoration-none text-strikethrough-none\">Femur i\u00e7in 6 mm \u00e7ap\u0131nda olup 200 mm uzunluktad\u0131r.<\/span><\/p>\n<p class=\"cvGsUA direction-ltr align-start para-style-body\"><span class=\"OYPEnA font-feature-liga-off font-feature-clig-off font-feature-calt-off text-decoration-none text-strikethrough-none\">Tibia i\u00e7in 5 mm \u00e7ap\u0131nda olup 180 mm uzunluktad\u0131r.<\/span><\/p>\n<p class=\"cvGsUA direction-ltr align-start para-style-body\"><span class=\"OYPEnA font-feature-liga-off font-feature-clig-off font-feature-calt-off text-decoration-none text-strikethrough-none\">Humerus i\u00e7in 4 mm \u00e7ap\u0131nda olup 150 mm uzunluktad\u0131r.<\/span><\/p>\n","protected":false},"excerpt":{"rendered":"<p>Kullan\u0131ma haz\u0131r, pratik ve sa\u011flam olmalar\u0131 sebebiyle \u00e7ok yayg\u0131n olarak kullan\u0131lmaktad\u0131r. Orthofix Tipi fiksat\u00f6rler olarak da bilinen bu \u00fcr\u00fcnler ortopedik cerrahlar taraf\u0131ndan t\u00fcm d\u00fcnyada \u00e7oklukla tercih edilmektedir. Monolateral Eksternal fiksat\u00f6rler tibia, femur ve humerus i\u00e7in uygun 3 ayr\u0131 boyda \u00fcretilmektedir. \u00dcr\u00fcnlerin her biri 6 adet \u015fanz vidas\u0131 ve alyan anahtar ile steril edilmeye ve kullan\u0131ma [&hellip;]<\/p>\n","protected":false},"featured_media":514,"comment_status":"open","ping_status":"closed","template":"","meta":[],"product_brand":[],"product_cat":[63],"product_tag":[],"class_list":{"0":"post-692","1":"product","2":"type-product","3":"status-publish","4":"has-post-thumbnail","6":"product_cat-tubulaere-externe-fixateure","8":"first","9":"instock","10":"shipping-taxable","11":"product-type-simple"},"_links":{"self":[{"href":"https:\/\/www.ozhakmed.com.tr\/de\/wp-json\/wp\/v2\/product\/692","targetHints":{"allow":["GET"]}}],"collection":[{"href":"https:\/\/www.ozhakmed.com.tr\/de\/wp-json\/wp\/v2\/product"}],"about":[{"href":"https:\/\/www.ozhakmed.com.tr\/de\/wp-json\/wp\/v2\/types\/product"}],"replies":[{"embeddable":true,"href":"https:\/\/www.ozhakmed.com.tr\/de\/wp-json\/wp\/v2\/comments?post=692"}],"wp:featuredmedia":[{"embeddable":true,"href":"https:\/\/www.ozhakmed.com.tr\/de\/wp-json\/wp\/v2\/media\/514"}],"wp:attachment":[{"href":"https:\/\/www.ozhakmed.com.tr\/de\/wp-json\/wp\/v2\/media?parent=692"}],"wp:term":[{"taxonomy":"product_brand","embeddable":true,"href":"https:\/\/www.ozhakmed.com.tr\/de\/wp-json\/wp\/v2\/product_brand?post=692"},{"taxonomy":"product_cat","embeddable":true,"href":"https:\/\/www.ozhakmed.com.tr\/de\/wp-json\/wp\/v2\/product_cat?post=692"},{"taxonomy":"product_tag","embeddable":true,"href":"https:\/\/www.ozhakmed.com.tr\/de\/wp-json\/wp\/v2\/product_tag?post=692"}],"curies":[{"name":"wp","href":"https:\/\/api.w.org\/{rel}","templated":true}]}}