{"id":696,"date":"2025-06-25T18:52:47","date_gmt":"2025-06-25T18:52:47","guid":{"rendered":"https:\/\/www.ozhakmed.com.tr\/urun\/buyuk-tubuler-fiksator\/"},"modified":"2025-08-19T10:29:25","modified_gmt":"2025-08-19T10:29:25","slug":"buyuk-tubuler-fiksator","status":"publish","type":"product","link":"https:\/\/www.ozhakmed.com.tr\/de\/produkt\/buyuk-tubuler-fiksator\/","title":{"rendered":"Gro\u00dfer r\u00f6hrenf\u00f6rmiger Fixator"},"content":{"rendered":"<p>Die Anwendung eines externen Fixateurs ist die wichtigste Behandlungsoption, insbesondere bei der Behandlung offener Frakturen der unteren Extremit\u00e4ten. Solche Verletzungen treten meist bei Verkehrsunf\u00e4llen, St\u00fcrzen, Schussverletzungen und Naturkatastrophen wie Erdbeben auf.<\/p>\n<p>Externe Fixateure k\u00f6nnen unter Notfallbedingungen einfach, sehr schnell und sicher eingesetzt werden, auch in Notoperationss\u00e4len oder Zelt-OPs. Es ist auch m\u00f6glich, diese Art von Fixateuren vor\u00fcbergehend zur Wundversorgung oder dauerhaft zur Fixierung von Frakturen einzusetzen.<\/p>\n<p>Rohrfixateure sind eines der am h\u00e4ufigsten verwendeten Implantate in der orthop\u00e4dischen Unfallchirurgie, insbesondere bei offenen Frakturen.<\/p>\n<p>Die Anwendung von Rohrfixateur-Systemen ist extrem schnell und einfach. Es eignet sich sowohl f\u00fcr die tempor\u00e4re als auch f\u00fcr die permanente Fixierung von Frakturen. Vor\u00fcbergehende Fixateur externe-Anwendungen werden meist in der Notfallchirurgie eingesetzt, um den Knochen zu stabilisieren, Zeit zu gewinnen, damit das \u00d6dem um das gebrochene Knochengewebe abklingt, um Hautprobleme zu vermeiden und um das Infektionsrisiko zu verringern.<\/p>\n<p>Einstabsystem: Es besteht aus 4 Stiftbacken, die auf einem einzigen Aluminium- oder Karbonstab angeordnet sind. Zur Reduktion sind versetzte Klemmen erh\u00e4ltlich.<br \/>\nDoppelstabsystem: Hierbei handelt es sich um ein sehr stabiles Fixationssystem, das aus zwei Aluminium- oder Karbonst\u00e4ben und 2 Mehrfach-Stiftklammern besteht.<\/p>\n","protected":false},"excerpt":{"rendered":"<p>Die Anwendung eines externen Fixateurs ist die wichtigste Behandlungsoption, insbesondere bei der Behandlung offener Frakturen der unteren Extremit\u00e4ten. Solche Verletzungen treten meist bei Verkehrsunf\u00e4llen, St\u00fcrzen, Schussverletzungen und Naturkatastrophen wie Erdbeben auf. Externe Fixateure k\u00f6nnen unter Notfallbedingungen einfach, sehr schnell und sicher eingesetzt werden, auch in Notoperationss\u00e4len oder Zelt-OPs. Es ist auch m\u00f6glich, diese Art von [&hellip;]<\/p>\n","protected":false},"featured_media":506,"comment_status":"open","ping_status":"closed","template":"","meta":[],"product_brand":[],"product_cat":[63],"product_tag":[],"class_list":{"0":"post-696","1":"product","2":"type-product","3":"status-publish","4":"has-post-thumbnail","6":"product_cat-tubulaere-externe-fixateure","8":"first","9":"instock","10":"shipping-taxable","11":"product-type-simple"},"_links":{"self":[{"href":"https:\/\/www.ozhakmed.com.tr\/de\/wp-json\/wp\/v2\/product\/696","targetHints":{"allow":["GET"]}}],"collection":[{"href":"https:\/\/www.ozhakmed.com.tr\/de\/wp-json\/wp\/v2\/product"}],"about":[{"href":"https:\/\/www.ozhakmed.com.tr\/de\/wp-json\/wp\/v2\/types\/product"}],"replies":[{"embeddable":true,"href":"https:\/\/www.ozhakmed.com.tr\/de\/wp-json\/wp\/v2\/comments?post=696"}],"wp:featuredmedia":[{"embeddable":true,"href":"https:\/\/www.ozhakmed.com.tr\/de\/wp-json\/wp\/v2\/media\/506"}],"wp:attachment":[{"href":"https:\/\/www.ozhakmed.com.tr\/de\/wp-json\/wp\/v2\/media?parent=696"}],"wp:term":[{"taxonomy":"product_brand","embeddable":true,"href":"https:\/\/www.ozhakmed.com.tr\/de\/wp-json\/wp\/v2\/product_brand?post=696"},{"taxonomy":"product_cat","embeddable":true,"href":"https:\/\/www.ozhakmed.com.tr\/de\/wp-json\/wp\/v2\/product_cat?post=696"},{"taxonomy":"product_tag","embeddable":true,"href":"https:\/\/www.ozhakmed.com.tr\/de\/wp-json\/wp\/v2\/product_tag?post=696"}],"curies":[{"name":"wp","href":"https:\/\/api.w.org\/{rel}","templated":true}]}}