{"id":673,"date":"2025-06-25T19:06:59","date_gmt":"2025-06-25T19:06:59","guid":{"rendered":"https:\/\/www.ozhakmed.com.tr\/urun\/schanz-vidasi\/"},"modified":"2025-08-20T17:02:19","modified_gmt":"2025-08-20T17:02:19","slug":"schanz-vidasi","status":"publish","type":"product","link":"https:\/\/www.ozhakmed.com.tr\/fr\/produit\/schanz-vidasi\/","title":{"rendered":"Vis Schanz"},"content":{"rendered":"<p class=\"cvGsUA direction-ltr align-start para-style-body\">Ce sont les \u00e9l\u00e9ments interm\u00e9diaires fondamentaux qui assurent la liaison avec l&rsquo;os dans les syst\u00e8mes de fixation externe. Ils s&rsquo;adaptent parfaitement aux syst\u00e8mes gr\u00e2ce \u00e0 leurs diff\u00e9rentes options de diam\u00e8tre, de longueur et de rev\u00eatement de surface.<\/p>\n","protected":false},"excerpt":{"rendered":"<p>Ce sont les \u00e9l\u00e9ments interm\u00e9diaires fondamentaux qui assurent la liaison avec l&rsquo;os dans les syst\u00e8mes de fixation externe. Ils s&rsquo;adaptent parfaitement aux syst\u00e8mes gr\u00e2ce \u00e0 leurs diff\u00e9rentes options de diam\u00e8tre, de longueur et de rev\u00eatement de surface.<\/p>\n","protected":false},"featured_media":497,"comment_status":"open","ping_status":"closed","template":"","meta":[],"product_brand":[],"product_cat":[58],"product_tag":[],"class_list":{"0":"post-673","1":"product","2":"type-product","3":"status-publish","4":"has-post-thumbnail","6":"product_cat-vis-schanz","8":"first","9":"instock","10":"shipping-taxable","11":"product-type-simple"},"_links":{"self":[{"href":"https:\/\/www.ozhakmed.com.tr\/fr\/wp-json\/wp\/v2\/product\/673","targetHints":{"allow":["GET"]}}],"collection":[{"href":"https:\/\/www.ozhakmed.com.tr\/fr\/wp-json\/wp\/v2\/product"}],"about":[{"href":"https:\/\/www.ozhakmed.com.tr\/fr\/wp-json\/wp\/v2\/types\/product"}],"replies":[{"embeddable":true,"href":"https:\/\/www.ozhakmed.com.tr\/fr\/wp-json\/wp\/v2\/comments?post=673"}],"wp:featuredmedia":[{"embeddable":true,"href":"https:\/\/www.ozhakmed.com.tr\/fr\/wp-json\/wp\/v2\/media\/497"}],"wp:attachment":[{"href":"https:\/\/www.ozhakmed.com.tr\/fr\/wp-json\/wp\/v2\/media?parent=673"}],"wp:term":[{"taxonomy":"product_brand","embeddable":true,"href":"https:\/\/www.ozhakmed.com.tr\/fr\/wp-json\/wp\/v2\/product_brand?post=673"},{"taxonomy":"product_cat","embeddable":true,"href":"https:\/\/www.ozhakmed.com.tr\/fr\/wp-json\/wp\/v2\/product_cat?post=673"},{"taxonomy":"product_tag","embeddable":true,"href":"https:\/\/www.ozhakmed.com.tr\/fr\/wp-json\/wp\/v2\/product_tag?post=673"}],"curies":[{"name":"wp","href":"https:\/\/api.w.org\/{rel}","templated":true}]}}