{"id":678,"date":"2025-06-25T19:04:49","date_gmt":"2025-06-25T19:04:49","guid":{"rendered":"https:\/\/www.ozhakmed.com.tr\/urun\/el-bilek-fiksatorleri\/"},"modified":"2025-08-20T17:02:47","modified_gmt":"2025-08-20T17:02:47","slug":"fixateurs-de-poignet","status":"publish","type":"product","link":"https:\/\/www.ozhakmed.com.tr\/fr\/produit\/fixateurs-de-poignet\/","title":{"rendered":"Fixateurs de poignet"},"content":{"rendered":"<p>Fixateur de poignet<\/p>\n<p>PENEF \u2013 Fixateur externe de type Pennig : Il s&rsquo;agit d&rsquo;un fixateur monolat\u00e9ral classique utilis\u00e9 pour la proc\u00e9dure de ligamentotaxie dans les fractures distales du radius. Il est \u00e9quip\u00e9 d&rsquo;une articulation r\u00e9glable \u00e0 deux niveaux de type rotule-manchon au niveau du poignet et d&rsquo;un module de distraction dans la pince distale.<br \/>\nModule hybride \u2013 Il s&rsquo;agit d&rsquo;un module d&rsquo;extension. Il peut \u00eatre utilis\u00e9 avec les syst\u00e8mes PENEF et DEWEF. Bien qu&rsquo;il s&rsquo;agisse d&rsquo;un accessoire optionnel, il est n\u00e9cessaire pour obtenir une r\u00e9duction anatomique et<br \/>\npermettre une mobilisation pr\u00e9coce du poignet en le lib\u00e9rant trois semaines apr\u00e8s la fixation.<br \/>\nCes deux \u00e9l\u00e9ments sont essentiels \u00e0 la r\u00e9ussite du traitement et il est donc recommand\u00e9 de les utiliser conjointement.<\/p>\n","protected":false},"excerpt":{"rendered":"<p>Fixateur de poignet PENEF \u2013 Fixateur externe de type Pennig : Il s&rsquo;agit d&rsquo;un fixateur monolat\u00e9ral classique utilis\u00e9 pour la proc\u00e9dure de ligamentotaxie dans les fractures distales du radius. Il est \u00e9quip\u00e9 d&rsquo;une articulation r\u00e9glable \u00e0 deux niveaux de type rotule-manchon au niveau du poignet et d&rsquo;un module de distraction dans la pince distale. Module [&hellip;]<\/p>\n","protected":false},"featured_media":529,"comment_status":"open","ping_status":"closed","template":"","meta":[],"product_brand":[],"product_cat":[62],"product_tag":[],"class_list":{"0":"post-678","1":"product","2":"type-product","3":"status-publish","4":"has-post-thumbnail","6":"product_cat-fixateurs-externes-tubulaires","8":"first","9":"instock","10":"shipping-taxable","11":"product-type-simple"},"_links":{"self":[{"href":"https:\/\/www.ozhakmed.com.tr\/fr\/wp-json\/wp\/v2\/product\/678","targetHints":{"allow":["GET"]}}],"collection":[{"href":"https:\/\/www.ozhakmed.com.tr\/fr\/wp-json\/wp\/v2\/product"}],"about":[{"href":"https:\/\/www.ozhakmed.com.tr\/fr\/wp-json\/wp\/v2\/types\/product"}],"replies":[{"embeddable":true,"href":"https:\/\/www.ozhakmed.com.tr\/fr\/wp-json\/wp\/v2\/comments?post=678"}],"wp:featuredmedia":[{"embeddable":true,"href":"https:\/\/www.ozhakmed.com.tr\/fr\/wp-json\/wp\/v2\/media\/529"}],"wp:attachment":[{"href":"https:\/\/www.ozhakmed.com.tr\/fr\/wp-json\/wp\/v2\/media?parent=678"}],"wp:term":[{"taxonomy":"product_brand","embeddable":true,"href":"https:\/\/www.ozhakmed.com.tr\/fr\/wp-json\/wp\/v2\/product_brand?post=678"},{"taxonomy":"product_cat","embeddable":true,"href":"https:\/\/www.ozhakmed.com.tr\/fr\/wp-json\/wp\/v2\/product_cat?post=678"},{"taxonomy":"product_tag","embeddable":true,"href":"https:\/\/www.ozhakmed.com.tr\/fr\/wp-json\/wp\/v2\/product_tag?post=678"}],"curies":[{"name":"wp","href":"https:\/\/api.w.org\/{rel}","templated":true}]}}