{"id":683,"date":"2025-06-25T19:01:34","date_gmt":"2025-06-25T19:01:34","guid":{"rendered":"https:\/\/www.ozhakmed.com.tr\/urun\/mini-fiksatorler\/"},"modified":"2025-08-20T17:03:04","modified_gmt":"2025-08-20T17:03:04","slug":"mini-fixateurs","status":"publish","type":"product","link":"https:\/\/www.ozhakmed.com.tr\/fr\/produit\/mini-fixateurs\/","title":{"rendered":"Mini-fixateurs"},"content":{"rendered":"<p>Syst\u00e8mes de fixation pour phalanges, m\u00e9tacarpes et m\u00e9tatarses<\/p>\n<p>Les mini-fixateurs sont utilis\u00e9s dans le traitement des fractures de la main et du pied.<\/p>\n<p>Syst\u00e8me mini-tubulaire : chirurgie de la main, fixation des fractures des m\u00e9tacarpes et des doigts.<br \/>\nSyst\u00e8me mini-hybride : chirurgie de la main et du pied, traitement des fractures des m\u00e9tatarses, des d\u00e9formations et des raccourcissements du premier doigt.<\/p>\n","protected":false},"excerpt":{"rendered":"<p>Syst\u00e8mes de fixation pour phalanges, m\u00e9tacarpes et m\u00e9tatarses Les mini-fixateurs sont utilis\u00e9s dans le traitement des fractures de la main et du pied. Syst\u00e8me mini-tubulaire : chirurgie de la main, fixation des fractures des m\u00e9tacarpes et des doigts. Syst\u00e8me mini-hybride : chirurgie de la main et du pied, traitement des fractures des m\u00e9tatarses, des d\u00e9formations [&hellip;]<\/p>\n","protected":false},"featured_media":521,"comment_status":"open","ping_status":"closed","template":"","meta":[],"product_brand":[],"product_cat":[62],"product_tag":[],"class_list":{"0":"post-683","1":"product","2":"type-product","3":"status-publish","4":"has-post-thumbnail","6":"product_cat-fixateurs-externes-tubulaires","8":"first","9":"instock","10":"shipping-taxable","11":"product-type-simple"},"_links":{"self":[{"href":"https:\/\/www.ozhakmed.com.tr\/fr\/wp-json\/wp\/v2\/product\/683","targetHints":{"allow":["GET"]}}],"collection":[{"href":"https:\/\/www.ozhakmed.com.tr\/fr\/wp-json\/wp\/v2\/product"}],"about":[{"href":"https:\/\/www.ozhakmed.com.tr\/fr\/wp-json\/wp\/v2\/types\/product"}],"replies":[{"embeddable":true,"href":"https:\/\/www.ozhakmed.com.tr\/fr\/wp-json\/wp\/v2\/comments?post=683"}],"wp:featuredmedia":[{"embeddable":true,"href":"https:\/\/www.ozhakmed.com.tr\/fr\/wp-json\/wp\/v2\/media\/521"}],"wp:attachment":[{"href":"https:\/\/www.ozhakmed.com.tr\/fr\/wp-json\/wp\/v2\/media?parent=683"}],"wp:term":[{"taxonomy":"product_brand","embeddable":true,"href":"https:\/\/www.ozhakmed.com.tr\/fr\/wp-json\/wp\/v2\/product_brand?post=683"},{"taxonomy":"product_cat","embeddable":true,"href":"https:\/\/www.ozhakmed.com.tr\/fr\/wp-json\/wp\/v2\/product_cat?post=683"},{"taxonomy":"product_tag","embeddable":true,"href":"https:\/\/www.ozhakmed.com.tr\/fr\/wp-json\/wp\/v2\/product_tag?post=683"}],"curies":[{"name":"wp","href":"https:\/\/api.w.org\/{rel}","templated":true}]}}