{"id":687,"date":"2025-06-25T18:58:56","date_gmt":"2025-06-25T18:58:56","guid":{"rendered":"https:\/\/www.ozhakmed.com.tr\/urun\/kucuk-fiksatorler\/"},"modified":"2025-08-20T17:03:56","modified_gmt":"2025-08-20T17:03:56","slug":"petits-fixateurs","status":"publish","type":"product","link":"https:\/\/www.ozhakmed.com.tr\/fr\/produit\/petits-fixateurs\/","title":{"rendered":"Petits fixateurs"},"content":{"rendered":"<p>Syst\u00e8mes de fixation pour le poignet, l&rsquo;avant-bras et les enfants<\/p>\n<p>Les petits syst\u00e8mes de fixation sont con\u00e7us pour les applications mini-invasives et offrent des solutions de fixation id\u00e9ales pour le poignet, l&rsquo;avant-bras, le pied et les structures osseuses p\u00e9diatriques.<\/p>\n<p>Gr\u00e2ce \u00e0 leur structure compacte et l\u00e9g\u00e8re, ils facilitent le travail des chirurgiens, en particulier chez les enfants et sur les petits segments osseux.<\/p>\n<p>Ils assurent une fixation externe s\u00fbre dans les cas de traumatismes du poignet et de l&rsquo;avant-bras, de fractures intra-articulaires, de fractures ouvertes et de l\u00e9sions complexes des tissus mous. Les fixateurs p\u00e9diatriques ont \u00e9t\u00e9 d\u00e9velopp\u00e9s pour assurer une stabilisation sans entraver le d\u00e9veloppement osseux.<\/p>\n<p>Les syst\u00e8mes offrent une configuration flexible gr\u00e2ce \u00e0 des \u00e9l\u00e9ments de connexion r\u00e9glables et \u00e0 la compatibilit\u00e9 des broches de diff\u00e9rents diam\u00e8tres. Faciles \u00e0 utiliser, st\u00e9rilisables et de conception modulaire, ils sont privil\u00e9gi\u00e9s tant en chirurgie traumatologique qu&rsquo;en chirurgie reconstructive.<\/p>\n","protected":false},"excerpt":{"rendered":"<p>Syst\u00e8mes de fixation pour le poignet, l&rsquo;avant-bras et les enfants Les petits syst\u00e8mes de fixation sont con\u00e7us pour les applications mini-invasives et offrent des solutions de fixation id\u00e9ales pour le poignet, l&rsquo;avant-bras, le pied et les structures osseuses p\u00e9diatriques. Gr\u00e2ce \u00e0 leur structure compacte et l\u00e9g\u00e8re, ils facilitent le travail des chirurgiens, en particulier chez [&hellip;]<\/p>\n","protected":false},"featured_media":517,"comment_status":"open","ping_status":"closed","template":"","meta":[],"product_brand":[],"product_cat":[62],"product_tag":[],"class_list":{"0":"post-687","1":"product","2":"type-product","3":"status-publish","4":"has-post-thumbnail","6":"product_cat-fixateurs-externes-tubulaires","8":"first","9":"instock","10":"shipping-taxable","11":"product-type-simple"},"_links":{"self":[{"href":"https:\/\/www.ozhakmed.com.tr\/fr\/wp-json\/wp\/v2\/product\/687","targetHints":{"allow":["GET"]}}],"collection":[{"href":"https:\/\/www.ozhakmed.com.tr\/fr\/wp-json\/wp\/v2\/product"}],"about":[{"href":"https:\/\/www.ozhakmed.com.tr\/fr\/wp-json\/wp\/v2\/types\/product"}],"replies":[{"embeddable":true,"href":"https:\/\/www.ozhakmed.com.tr\/fr\/wp-json\/wp\/v2\/comments?post=687"}],"wp:featuredmedia":[{"embeddable":true,"href":"https:\/\/www.ozhakmed.com.tr\/fr\/wp-json\/wp\/v2\/media\/517"}],"wp:attachment":[{"href":"https:\/\/www.ozhakmed.com.tr\/fr\/wp-json\/wp\/v2\/media?parent=687"}],"wp:term":[{"taxonomy":"product_brand","embeddable":true,"href":"https:\/\/www.ozhakmed.com.tr\/fr\/wp-json\/wp\/v2\/product_brand?post=687"},{"taxonomy":"product_cat","embeddable":true,"href":"https:\/\/www.ozhakmed.com.tr\/fr\/wp-json\/wp\/v2\/product_cat?post=687"},{"taxonomy":"product_tag","embeddable":true,"href":"https:\/\/www.ozhakmed.com.tr\/fr\/wp-json\/wp\/v2\/product_tag?post=687"}],"curies":[{"name":"wp","href":"https:\/\/api.w.org\/{rel}","templated":true}]}}