{"id":691,"date":"2025-06-25T18:57:08","date_gmt":"2025-06-25T18:57:08","guid":{"rendered":"https:\/\/www.ozhakmed.com.tr\/urun\/monolateral-dinamik-fiksator\/"},"modified":"2025-08-20T17:05:06","modified_gmt":"2025-08-20T17:05:06","slug":"fixateur-dynamique-unilateral","status":"publish","type":"product","link":"https:\/\/www.ozhakmed.com.tr\/fr\/produit\/fixateur-dynamique-unilateral\/","title":{"rendered":"Fixateur Dynamique Unilat\u00e9ral"},"content":{"rendered":"<p>Ils sont tr\u00e8s largement utilis\u00e9s en raison de leur facilit\u00e9 d&rsquo;utilisation, leur praticit\u00e9 et leur robustesse. Ces produits, \u00e9galement connus sous le nom de fixateurs de type Orthofix, sont tr\u00e8s souvent utilis\u00e9s par les chirurgiens orthop\u00e9distes dans le monde entier.<\/p>\n<p>Les fixateurs externes monolat\u00e9raux sont disponibles en 3 tailles diff\u00e9rentes adapt\u00e9es au tibia, au f\u00e9mur et \u00e0 l&rsquo;hum\u00e9rus.<\/p>\n<p>Chaque produit est livr\u00e9 dans un emballage st\u00e9rilis\u00e9 et pr\u00eat \u00e0 l&#8217;emploi, avec 6 vis \u00e0 t\u00eate hexagonale et une cl\u00e9 Allen.<\/p>\n<p>Dimensions des vis \u00e0 t\u00eate hexagonale : Le corps de toutes les vis \u00e0 t\u00eate hexagonale, fix\u00e9 par la pince du fixateur, est con\u00e7u pour avoir un diam\u00e8tre de 6 mm.<\/p>\n<p>La partie filet\u00e9e des vis \u00e0 visure est :<\/p>\n<p>De 6 mm de diam\u00e8tre et 200 mm de longueur pour le f\u00e9mur.<\/p>\n<p>De 5 mm de diam\u00e8tre et 180 mm de longueur pour le tibia.<\/p>\n<p>De 4 mm de diam\u00e8tre et 150 mm de longueur pour l&rsquo;hum\u00e9rus.<\/p>\n","protected":false},"excerpt":{"rendered":"<p>Ils sont tr\u00e8s largement utilis\u00e9s en raison de leur facilit\u00e9 d&rsquo;utilisation, leur praticit\u00e9 et leur robustesse. Ces produits, \u00e9galement connus sous le nom de fixateurs de type Orthofix, sont tr\u00e8s souvent utilis\u00e9s par les chirurgiens orthop\u00e9distes dans le monde entier. Les fixateurs externes monolat\u00e9raux sont disponibles en 3 tailles diff\u00e9rentes adapt\u00e9es au tibia, au f\u00e9mur [&hellip;]<\/p>\n","protected":false},"featured_media":513,"comment_status":"open","ping_status":"closed","template":"","meta":[],"product_brand":[],"product_cat":[62],"product_tag":[],"class_list":{"0":"post-691","1":"product","2":"type-product","3":"status-publish","4":"has-post-thumbnail","6":"product_cat-fixateurs-externes-tubulaires","8":"first","9":"instock","10":"shipping-taxable","11":"product-type-simple"},"_links":{"self":[{"href":"https:\/\/www.ozhakmed.com.tr\/fr\/wp-json\/wp\/v2\/product\/691","targetHints":{"allow":["GET"]}}],"collection":[{"href":"https:\/\/www.ozhakmed.com.tr\/fr\/wp-json\/wp\/v2\/product"}],"about":[{"href":"https:\/\/www.ozhakmed.com.tr\/fr\/wp-json\/wp\/v2\/types\/product"}],"replies":[{"embeddable":true,"href":"https:\/\/www.ozhakmed.com.tr\/fr\/wp-json\/wp\/v2\/comments?post=691"}],"wp:featuredmedia":[{"embeddable":true,"href":"https:\/\/www.ozhakmed.com.tr\/fr\/wp-json\/wp\/v2\/media\/513"}],"wp:attachment":[{"href":"https:\/\/www.ozhakmed.com.tr\/fr\/wp-json\/wp\/v2\/media?parent=691"}],"wp:term":[{"taxonomy":"product_brand","embeddable":true,"href":"https:\/\/www.ozhakmed.com.tr\/fr\/wp-json\/wp\/v2\/product_brand?post=691"},{"taxonomy":"product_cat","embeddable":true,"href":"https:\/\/www.ozhakmed.com.tr\/fr\/wp-json\/wp\/v2\/product_cat?post=691"},{"taxonomy":"product_tag","embeddable":true,"href":"https:\/\/www.ozhakmed.com.tr\/fr\/wp-json\/wp\/v2\/product_tag?post=691"}],"curies":[{"name":"wp","href":"https:\/\/api.w.org\/{rel}","templated":true}]}}