{"id":695,"date":"2025-06-25T18:52:47","date_gmt":"2025-06-25T18:52:47","guid":{"rendered":"https:\/\/www.ozhakmed.com.tr\/urun\/buyuk-tubuler-fiksator\/"},"modified":"2025-08-20T17:05:24","modified_gmt":"2025-08-20T17:05:24","slug":"grand-fixateur-tubulaire","status":"publish","type":"product","link":"https:\/\/www.ozhakmed.com.tr\/fr\/produit\/grand-fixateur-tubulaire\/","title":{"rendered":"Grand fixateur tubulaire"},"content":{"rendered":"<p>L&rsquo;application d&rsquo;un fixateur externe est le traitement de base dans le traitement des fractures ouvertes des membres inf\u00e9rieurs. Ce type de blessures est g\u00e9n\u00e9ralement observ\u00e9 dans les accidents de la route, les chutes de hauteur, les blessures par arme \u00e0 feu et les catastrophes naturelles telles que les tremblements de terre.<\/p>\n<p>Les fixateurs externes peuvent \u00eatre utilis\u00e9s facilement, rapidement et en toute s\u00e9curit\u00e9 dans des situations d&rsquo;urgence, dans les blocs op\u00e9ratoires d&rsquo;urgence ou m\u00eame dans les blocs op\u00e9ratoires de campagne. Ce type de fixateur peut \u00eatre utilis\u00e9 de mani\u00e8re temporaire pour le soin des plaies ou de mani\u00e8re permanente pour la fixation des fractures.<\/p>\n<p>Les fixateurs tubulaires sont l&rsquo;un des implants les plus couramment utilis\u00e9s en chirurgie orthop\u00e9dique traumatologique, en particulier dans les fractures ouvertes.<\/p>\n<p>La mise en place des syst\u00e8mes de fixation tubulaires est extr\u00eamement rapide et simple. Ils conviennent aussi bien aux traitements temporaires qu&rsquo;aux traitements permanents de fixation des fractures. Les fixateurs externes temporaires sont principalement utilis\u00e9s en chirurgie d&rsquo;urgence pour stabiliser l&rsquo;os, gagner du temps pour r\u00e9duire l&rsquo;\u0153d\u00e8me tissulaire autour de l&rsquo;os fractur\u00e9, pr\u00e9venir les probl\u00e8mes cutan\u00e9s et r\u00e9duire les risques d&rsquo;infection.<\/p>\n<p>Syst\u00e8me \u00e0 tige unique : il se compose de 4 pinces \u00e0 broches dispos\u00e9es sur une seule tige en aluminium ou en carbone. Des pinces d\u00e9cal\u00e9es sont disponibles \u00e0 des fins de r\u00e9duction.<br \/>\nSyst\u00e8me \u00e0 double tige : il s&rsquo;agit d&rsquo;un syst\u00e8me de fixation tr\u00e8s stable, compos\u00e9 de deux tiges en aluminium ou en carbone et de deux pinces \u00e0 broches multiples.<\/p>\n","protected":false},"excerpt":{"rendered":"<p>L&rsquo;application d&rsquo;un fixateur externe est le traitement de base dans le traitement des fractures ouvertes des membres inf\u00e9rieurs. Ce type de blessures est g\u00e9n\u00e9ralement observ\u00e9 dans les accidents de la route, les chutes de hauteur, les blessures par arme \u00e0 feu et les catastrophes naturelles telles que les tremblements de terre. Les fixateurs externes peuvent [&hellip;]<\/p>\n","protected":false},"featured_media":505,"comment_status":"open","ping_status":"closed","template":"","meta":[],"product_brand":[],"product_cat":[62],"product_tag":[],"class_list":{"0":"post-695","1":"product","2":"type-product","3":"status-publish","4":"has-post-thumbnail","6":"product_cat-fixateurs-externes-tubulaires","8":"first","9":"instock","10":"shipping-taxable","11":"product-type-simple"},"_links":{"self":[{"href":"https:\/\/www.ozhakmed.com.tr\/fr\/wp-json\/wp\/v2\/product\/695","targetHints":{"allow":["GET"]}}],"collection":[{"href":"https:\/\/www.ozhakmed.com.tr\/fr\/wp-json\/wp\/v2\/product"}],"about":[{"href":"https:\/\/www.ozhakmed.com.tr\/fr\/wp-json\/wp\/v2\/types\/product"}],"replies":[{"embeddable":true,"href":"https:\/\/www.ozhakmed.com.tr\/fr\/wp-json\/wp\/v2\/comments?post=695"}],"wp:featuredmedia":[{"embeddable":true,"href":"https:\/\/www.ozhakmed.com.tr\/fr\/wp-json\/wp\/v2\/media\/505"}],"wp:attachment":[{"href":"https:\/\/www.ozhakmed.com.tr\/fr\/wp-json\/wp\/v2\/media?parent=695"}],"wp:term":[{"taxonomy":"product_brand","embeddable":true,"href":"https:\/\/www.ozhakmed.com.tr\/fr\/wp-json\/wp\/v2\/product_brand?post=695"},{"taxonomy":"product_cat","embeddable":true,"href":"https:\/\/www.ozhakmed.com.tr\/fr\/wp-json\/wp\/v2\/product_cat?post=695"},{"taxonomy":"product_tag","embeddable":true,"href":"https:\/\/www.ozhakmed.com.tr\/fr\/wp-json\/wp\/v2\/product_tag?post=695"}],"curies":[{"name":"wp","href":"https:\/\/api.w.org\/{rel}","templated":true}]}}